{"id":40,"date":"2025-04-24T18:28:15","date_gmt":"2025-04-24T18:28:15","guid":{"rendered":"https:\/\/estreladolar.com.br\/diadasmaes\/?page_id=40"},"modified":"2026-03-03T22:35:06","modified_gmt":"2026-03-03T22:35:06","slug":"home","status":"publish","type":"page","link":"https:\/\/estreladolar.com.br\/diadamulher\/","title":{"rendered":"Home"},"content":{"rendered":"\t\t<div data-elementor-type=\"wp-page\" data-elementor-id=\"40\" class=\"elementor elementor-40\" data-elementor-post-type=\"page\">\n\t\t\t\t\t\t<section class=\"elementor-section elementor-top-section elementor-element elementor-element-74ce154b elementor-section-height-min-height elementor-section-full_width elementor-hidden-desktop elementor-section-height-default elementor-section-items-middle\" data-id=\"74ce154b\" data-element_type=\"section\" data-settings=\"{&quot;background_background&quot;:&quot;classic&quot;}\">\n\t\t\t\t\t\t<div class=\"elementor-container elementor-column-gap-default\">\n\t\t\t\t\t<div class=\"elementor-column elementor-col-100 elementor-top-column elementor-element elementor-element-4e1b753\" data-id=\"4e1b753\" data-element_type=\"column\">\n\t\t\t<div class=\"elementor-widget-wrap elementor-element-populated\">\n\t\t\t\t\t\t<div class=\"elementor-element elementor-element-e730e1f elementor-widget elementor-widget-image\" data-id=\"e730e1f\" data-element_type=\"widget\" data-widget_type=\"image.default\">\n\t\t\t\t<div class=\"elementor-widget-container\">\n\t\t\t\t\t\t\t\t\t\t\t\t\t\t\t<img fetchpriority=\"high\" decoding=\"async\" width=\"800\" height=\"337\" src=\"https:\/\/estreladolar.com.br\/diadamulher\/wp-content\/uploads\/2026\/02\/Banner-Principal-1-1024x431.png\" class=\"attachment-large size-large wp-image-469\" alt=\"\" srcset=\"https:\/\/estreladolar.com.br\/diadamulher\/wp-content\/uploads\/2026\/02\/Banner-Principal-1-1024x431.png 1024w, https:\/\/estreladolar.com.br\/diadamulher\/wp-content\/uploads\/2026\/02\/Banner-Principal-1-300x126.png 300w, https:\/\/estreladolar.com.br\/diadamulher\/wp-content\/uploads\/2026\/02\/Banner-Principal-1-768x323.png 768w, https:\/\/estreladolar.com.br\/diadamulher\/wp-content\/uploads\/2026\/02\/Banner-Principal-1-1536x647.png 1536w, https:\/\/estreladolar.com.br\/diadamulher\/wp-content\/uploads\/2026\/02\/Banner-Principal-1.png 1789w\" sizes=\"(max-width: 800px) 100vw, 800px\" \/>\t\t\t\t\t\t\t\t\t\t\t\t\t\t\t<\/div>\n\t\t\t\t<\/div>\n\t\t\t\t\t<\/div>\n\t\t<\/div>\n\t\t\t\t\t<\/div>\n\t\t<\/section>\n\t\t\t\t<section class=\"elementor-section elementor-top-section elementor-element elementor-element-ba88517 elementor-section-height-min-height elementor-section-full_width elementor-hidden-tablet elementor-hidden-mobile elementor-section-height-default elementor-section-items-middle\" data-id=\"ba88517\" data-element_type=\"section\" data-settings=\"{&quot;background_background&quot;:&quot;classic&quot;}\">\n\t\t\t\t\t\t<div class=\"elementor-container elementor-column-gap-default\">\n\t\t\t\t\t<div class=\"elementor-column elementor-col-100 elementor-top-column elementor-element elementor-element-40ac5f2\" data-id=\"40ac5f2\" data-element_type=\"column\">\n\t\t\t<div class=\"elementor-widget-wrap elementor-element-populated\">\n\t\t\t\t\t\t<section class=\"elementor-section elementor-inner-section elementor-element elementor-element-f9ee7d1 elementor-hidden-tablet elementor-section-boxed elementor-section-height-default elementor-section-height-default\" data-id=\"f9ee7d1\" data-element_type=\"section\">\n\t\t\t\t\t\t<div class=\"elementor-container elementor-column-gap-default\">\n\t\t\t\t\t<div class=\"elementor-column elementor-col-100 elementor-inner-column elementor-element elementor-element-81431c9\" data-id=\"81431c9\" data-element_type=\"column\">\n\t\t\t<div class=\"elementor-widget-wrap elementor-element-populated\">\n\t\t\t\t\t\t<div class=\"elementor-element elementor-element-6ddf242 elementor-widget__width-initial elementor-absolute elementor-widget-tablet__width-initial elementor-widget-mobile__width-initial elementor-invisible elementor-widget elementor-widget-image\" data-id=\"6ddf242\" data-element_type=\"widget\" data-settings=\"{&quot;_position&quot;:&quot;absolute&quot;,&quot;_animation&quot;:&quot;fadeIn&quot;,&quot;_animation_delay&quot;:2000}\" data-widget_type=\"image.default\">\n\t\t\t\t<div class=\"elementor-widget-container\">\n\t\t\t\t\t\t\t\t\t\t\t\t\t\t\t<img decoding=\"async\" width=\"1789\" height=\"753\" src=\"https:\/\/estreladolar.com.br\/diadamulher\/wp-content\/uploads\/2026\/02\/Banner-Principal-1.png\" class=\"attachment-full size-full wp-image-469\" alt=\"\" srcset=\"https:\/\/estreladolar.com.br\/diadamulher\/wp-content\/uploads\/2026\/02\/Banner-Principal-1.png 1789w, https:\/\/estreladolar.com.br\/diadamulher\/wp-content\/uploads\/2026\/02\/Banner-Principal-1-300x126.png 300w, https:\/\/estreladolar.com.br\/diadamulher\/wp-content\/uploads\/2026\/02\/Banner-Principal-1-1024x431.png 1024w, https:\/\/estreladolar.com.br\/diadamulher\/wp-content\/uploads\/2026\/02\/Banner-Principal-1-768x323.png 768w, https:\/\/estreladolar.com.br\/diadamulher\/wp-content\/uploads\/2026\/02\/Banner-Principal-1-1536x647.png 1536w\" sizes=\"(max-width: 1789px) 100vw, 1789px\" \/>\t\t\t\t\t\t\t\t\t\t\t\t\t\t\t<\/div>\n\t\t\t\t<\/div>\n\t\t\t\t\t<\/div>\n\t\t<\/div>\n\t\t\t\t\t<\/div>\n\t\t<\/section>\n\t\t\t\t\t<\/div>\n\t\t<\/div>\n\t\t\t\t\t<\/div>\n\t\t<\/section>\n\t\t\t\t<section class=\"elementor-section elementor-top-section elementor-element elementor-element-44367d03 elementor-section-height-min-height comoparticipa elementor-section-boxed elementor-section-height-default elementor-section-items-middle\" data-id=\"44367d03\" data-element_type=\"section\" id=\"comoparticipa\" data-settings=\"{&quot;background_background&quot;:&quot;classic&quot;}\">\n\t\t\t\t\t\t<div class=\"elementor-container elementor-column-gap-default\">\n\t\t\t\t\t<div class=\"elementor-column elementor-col-100 elementor-top-column elementor-element elementor-element-65df0969\" data-id=\"65df0969\" data-element_type=\"column\">\n\t\t\t<div class=\"elementor-widget-wrap elementor-element-populated\">\n\t\t\t\t\t\t<div class=\"elementor-element elementor-element-8445429 elementor-widget__width-initial elementor-widget elementor-widget-text-editor\" data-id=\"8445429\" data-element_type=\"widget\" data-widget_type=\"text-editor.default\">\n\t\t\t\t<div class=\"elementor-widget-container\">\n\t\t\t\t\t\t\t\t\t<h4>Preparamos um <span style=\"color: #ffff00;\">Super Concurso Cultural <\/span> para o Dia da Mulher!<\/h4><p>Neste Dia das Mulheres, a Estrela do Lar e a Ruby Rose querem celebrar o brilho \u00fanico que existe em cada mulher. Sabemos que ser estrela n\u00e3o \u00e9 sobre apar\u00eancia \u2014 \u00e9 sobre atitude, ess\u00eancia e confian\u00e7a. E queremos saber:<\/p><h3>\u201cO que faz voc\u00ea se sentir uma verdadeira estrela?\u201d<\/h3><p>Complete a frase e participe do nosso Concurso Cultural que vai premiar a frase mais criativa!<\/p>\t\t\t\t\t\t\t\t<\/div>\n\t\t\t\t<\/div>\n\t\t\t\t<div class=\"elementor-element elementor-element-c69f3ba elementor-widget elementor-widget-text-editor\" data-id=\"c69f3ba\" data-element_type=\"widget\" data-widget_type=\"text-editor.default\">\n\t\t\t\t<div class=\"elementor-widget-container\">\n\t\t\t\t\t\t\t\t\t<p style=\"text-align: center;\"><img decoding=\"async\" class=\"emoji\" role=\"img\" draggable=\"false\" src=\"https:\/\/s.w.org\/images\/core\/emoji\/17.0.2\/svg\/1f3af.svg\" alt=\"\ud83c\udfaf\" \/> N\u00e3o \u00e9 sorteio \u2014 a resposta mais criativa ser\u00e1 a vencedora!<br \/><img decoding=\"async\" class=\"emoji\" role=\"img\" draggable=\"false\" src=\"https:\/\/s.w.org\/images\/core\/emoji\/17.0.2\/svg\/1f4c6.svg\" alt=\"\ud83d\udcc6\" \/> Envie sua frase entre 27\/02 a 08\/03\/2026.<br \/>\u00a0<img decoding=\"async\" class=\"emoji\" role=\"img\" draggable=\"false\" src=\"https:\/\/s.w.org\/images\/core\/emoji\/17.0.2\/svg\/1f3c6.svg\" alt=\"\ud83c\udfc6\" \/> Resultado no dia 9 de Mar\u00e7o no Instagram @estreladolaroficial<\/p>\t\t\t\t\t\t\t\t<\/div>\n\t\t\t\t<\/div>\n\t\t\t\t\t<\/div>\n\t\t<\/div>\n\t\t\t\t\t<\/div>\n\t\t<\/section>\n\t\t<div class=\"elementor-element elementor-element-49f50e0 e-flex e-con-boxed e-con e-parent\" data-id=\"49f50e0\" data-element_type=\"container\" data-settings=\"{&quot;background_background&quot;:&quot;classic&quot;}\">\n\t\t\t\t\t<div class=\"e-con-inner\">\n\t\t\t\t<div class=\"elementor-element elementor-element-b9222c1 elementor-align-center elementor-widget elementor-widget-button\" data-id=\"b9222c1\" data-element_type=\"widget\" data-widget_type=\"button.default\">\n\t\t\t\t<div class=\"elementor-widget-container\">\n\t\t\t\t\t\t\t\t\t<div class=\"elementor-button-wrapper\">\n\t\t\t\t\t<a class=\"elementor-button elementor-button-link elementor-size-sm\" href=\"#\">\n\t\t\t\t\t\t<span class=\"elementor-button-content-wrapper\">\n\t\t\t\t\t\t\t\t\t<span class=\"elementor-button-text\">VEJA COMO PARTICIPAR!<\/span>\n\t\t\t\t\t<\/span>\n\t\t\t\t\t<\/a>\n\t\t\t\t<\/div>\n\t\t\t\t\t\t\t\t<\/div>\n\t\t\t\t<\/div>\n\t\t<div class=\"elementor-element elementor-element-d39f7ee e-con-full e-grid e-con e-child\" data-id=\"d39f7ee\" data-element_type=\"container\">\n\t\t\t\t<div class=\"elementor-element elementor-element-2695653 elementor-widget elementor-widget-image\" data-id=\"2695653\" data-element_type=\"widget\" data-widget_type=\"image.default\">\n\t\t\t\t<div class=\"elementor-widget-container\">\n\t\t\t\t\t\t\t\t\t\t\t\t\t\t\t\t<a href=\"https:\/\/estreladolar.com.br\/formulario\/\">\n\t\t\t\t\t\t\t<img decoding=\"async\" width=\"412\" height=\"480\" src=\"https:\/\/estreladolar.com.br\/diadamulher\/wp-content\/uploads\/2026\/02\/img1-1.png\" class=\"attachment-large size-large wp-image-464\" alt=\"\" srcset=\"https:\/\/estreladolar.com.br\/diadamulher\/wp-content\/uploads\/2026\/02\/img1-1.png 412w, https:\/\/estreladolar.com.br\/diadamulher\/wp-content\/uploads\/2026\/02\/img1-1-258x300.png 258w\" sizes=\"(max-width: 412px) 100vw, 412px\" \/>\t\t\t\t\t\t\t\t<\/a>\n\t\t\t\t\t\t\t\t\t\t\t\t\t\t\t<\/div>\n\t\t\t\t<\/div>\n\t\t\t\t<div class=\"elementor-element elementor-element-bae6b7a elementor-widget elementor-widget-image\" data-id=\"bae6b7a\" data-element_type=\"widget\" data-widget_type=\"image.default\">\n\t\t\t\t<div class=\"elementor-widget-container\">\n\t\t\t\t\t\t\t\t\t\t\t\t\t\t\t<img loading=\"lazy\" decoding=\"async\" width=\"413\" height=\"480\" src=\"https:\/\/estreladolar.com.br\/diadamulher\/wp-content\/uploads\/2026\/03\/IMG2_2026.png\" class=\"attachment-large size-large wp-image-512\" alt=\"\" srcset=\"https:\/\/estreladolar.com.br\/diadamulher\/wp-content\/uploads\/2026\/03\/IMG2_2026.png 413w, https:\/\/estreladolar.com.br\/diadamulher\/wp-content\/uploads\/2026\/03\/IMG2_2026-258x300.png 258w\" sizes=\"(max-width: 413px) 100vw, 413px\" \/>\t\t\t\t\t\t\t\t\t\t\t\t\t\t\t<\/div>\n\t\t\t\t<\/div>\n\t\t\t\t<\/div>\n\t\t\t\t\t<\/div>\n\t\t\t\t<\/div>\n\t\t<div class=\"elementor-element elementor-element-cb5ce7c regulamento e-flex e-con-boxed e-con e-parent\" data-id=\"cb5ce7c\" data-element_type=\"container\" id=\"regulamento\" data-settings=\"{&quot;background_background&quot;:&quot;classic&quot;}\">\n\t\t\t\t\t<div class=\"e-con-inner\">\n\t\t\t\t<div class=\"elementor-element elementor-element-b2d61b8 elementor-align-center elementor-widget elementor-widget-button\" data-id=\"b2d61b8\" data-element_type=\"widget\" data-widget_type=\"button.default\">\n\t\t\t\t<div class=\"elementor-widget-container\">\n\t\t\t\t\t\t\t\t\t<div class=\"elementor-button-wrapper\">\n\t\t\t\t\t<a class=\"elementor-button elementor-button-link elementor-size-sm\" href=\"#\">\n\t\t\t\t\t\t<span class=\"elementor-button-content-wrapper\">\n\t\t\t\t\t\t\t\t\t<span class=\"elementor-button-text\">REGULAMENTO<\/span>\n\t\t\t\t\t<\/span>\n\t\t\t\t\t<\/a>\n\t\t\t\t<\/div>\n\t\t\t\t\t\t\t\t<\/div>\n\t\t\t\t<\/div>\n\t\t\t\t<div class=\"elementor-element elementor-element-eb477d3 elementor-widget elementor-widget-heading\" data-id=\"eb477d3\" data-element_type=\"widget\" data-widget_type=\"heading.default\">\n\t\t\t\t<div class=\"elementor-widget-container\">\n\t\t\t\t\t<span class=\"elementor-heading-title elementor-size-default\">Leia abaixo o regulamento da promo\u00e7\u00e3o.<\/span>\t\t\t\t<\/div>\n\t\t\t\t<\/div>\n\t\t\t\t<div class=\"elementor-element elementor-element-e5c412c elementor-widget elementor-widget-shortcode\" data-id=\"e5c412c\" data-element_type=\"widget\" data-widget_type=\"shortcode.default\">\n\t\t\t\t<div class=\"elementor-widget-container\">\n\t\t\t\t\t\t\t<div class=\"elementor-shortcode\"><a href=\"https:\/\/estreladolar.com.br\/diadamulher\/wp-content\/uploads\/2026\/03\/Regulamento-Concurso-Cultural-Dia-da-Mulher-Estrela-do-Lar.2026.pdf\" class=\"pdfemb-viewer\" style=\"\" data-width=\"max\" data-height=\"max\" data-toolbar=\"top\" data-toolbar-fixed=\"on\">Regulamento-Concurso-Cultural-Dia-da-Mulher-Estrela-do-Lar.2026<\/a><\/div>\n\t\t\t\t\t\t<\/div>\n\t\t\t\t<\/div>\n\t\t\t\t\t<\/div>\n\t\t\t\t<\/div>\n\t\t<div class=\"elementor-element elementor-element-943d152 e-con-full ganhadores e-flex e-con e-parent\" data-id=\"943d152\" data-element_type=\"container\" id=\"ganhadores\" data-settings=\"{&quot;background_background&quot;:&quot;classic&quot;}\">\n\t\t\t\t<div class=\"elementor-element elementor-element-be5a1ff elementor-align-center elementor-widget elementor-widget-button\" data-id=\"be5a1ff\" data-element_type=\"widget\" data-widget_type=\"button.default\">\n\t\t\t\t<div class=\"elementor-widget-container\">\n\t\t\t\t\t\t\t\t\t<div class=\"elementor-button-wrapper\">\n\t\t\t\t\t<a class=\"elementor-button elementor-button-link elementor-size-sm\" href=\"#\">\n\t\t\t\t\t\t<span class=\"elementor-button-content-wrapper\">\n\t\t\t\t\t\t\t\t\t<span class=\"elementor-button-text\">GANHADORES<\/span>\n\t\t\t\t\t<\/span>\n\t\t\t\t\t<\/a>\n\t\t\t\t<\/div>\n\t\t\t\t\t\t\t\t<\/div>\n\t\t\t\t<\/div>\n\t\t<div class=\"elementor-element elementor-element-baf176a e-con-full e-flex e-con e-child\" data-id=\"baf176a\" data-element_type=\"container\" data-settings=\"{&quot;background_background&quot;:&quot;classic&quot;}\">\n\t\t<div class=\"elementor-element elementor-element-ae4c7b1 e-con-full e-flex e-con e-child\" data-id=\"ae4c7b1\" data-element_type=\"container\">\n\t\t\t\t<div class=\"elementor-element elementor-element-d6927b5 elementor-widget elementor-widget-heading\" data-id=\"d6927b5\" data-element_type=\"widget\" data-widget_type=\"heading.default\">\n\t\t\t\t<div class=\"elementor-widget-container\">\n\t\t\t\t\t<h3 class=\"elementor-heading-title elementor-size-default\">AGUARDE!<\/h3>\t\t\t\t<\/div>\n\t\t\t\t<\/div>\n\t\t\t\t<div class=\"elementor-element elementor-element-ea1a1cb elementor-widget elementor-widget-heading\" data-id=\"ea1a1cb\" data-element_type=\"widget\" data-widget_type=\"heading.default\">\n\t\t\t\t<div class=\"elementor-widget-container\">\n\t\t\t\t\t<p class=\"elementor-heading-title elementor-size-default\">Em breve, divulgaremos a ganhadora do Concurso!<\/p>\t\t\t\t<\/div>\n\t\t\t\t<\/div>\n\t\t\t\t<\/div>\n\t\t\t\t<\/div>\n\t\t\t\t<\/div>\n\t\t\t\t<\/div>\n\t\t","protected":false},"excerpt":{"rendered":"<p>Preparamos um Super Concurso Cultural para o Dia da Mulher! Neste Dia das Mulheres, a Estrela do Lar e a Ruby Rose querem celebrar o brilho \u00fanico que existe em cada mulher. Sabemos que ser estrela n\u00e3o \u00e9 sobre apar\u00eancia \u2014 \u00e9 sobre atitude, ess\u00eancia e confian\u00e7a. E queremos saber: \u201cO que faz voc\u00ea se [&hellip;]<\/p>\n","protected":false},"author":1,"featured_media":0,"parent":0,"menu_order":0,"comment_status":"closed","ping_status":"closed","template":"elementor_header_footer","meta":{"footnotes":""},"class_list":["post-40","page","type-page","status-publish","hentry"],"_links":{"self":[{"href":"https:\/\/estreladolar.com.br\/diadamulher\/index.php\/wp-json\/wp\/v2\/pages\/40","targetHints":{"allow":["GET"]}}],"collection":[{"href":"https:\/\/estreladolar.com.br\/diadamulher\/index.php\/wp-json\/wp\/v2\/pages"}],"about":[{"href":"https:\/\/estreladolar.com.br\/diadamulher\/index.php\/wp-json\/wp\/v2\/types\/page"}],"author":[{"embeddable":true,"href":"https:\/\/estreladolar.com.br\/diadamulher\/index.php\/wp-json\/wp\/v2\/users\/1"}],"replies":[{"embeddable":true,"href":"https:\/\/estreladolar.com.br\/diadamulher\/index.php\/wp-json\/wp\/v2\/comments?post=40"}],"version-history":[{"count":308,"href":"https:\/\/estreladolar.com.br\/diadamulher\/index.php\/wp-json\/wp\/v2\/pages\/40\/revisions"}],"predecessor-version":[{"id":518,"href":"https:\/\/estreladolar.com.br\/diadamulher\/index.php\/wp-json\/wp\/v2\/pages\/40\/revisions\/518"}],"wp:attachment":[{"href":"https:\/\/estreladolar.com.br\/diadamulher\/index.php\/wp-json\/wp\/v2\/media?parent=40"}],"curies":[{"name":"wp","href":"https:\/\/api.w.org\/{rel}","templated":true}]}}